{"id":102,"date":"2021-04-07T16:50:06","date_gmt":"2021-04-07T13:50:06","guid":{"rendered":"http:\/\/www.sweetera.com.tr\/?page_id=102"},"modified":"2021-04-07T17:21:36","modified_gmt":"2021-04-07T14:21:36","slug":"stevia-nedir","status":"publish","type":"page","link":"http:\/\/www.sweetera.com.tr\/index.php\/stevia-nedir\/","title":{"rendered":"STEVIA Nedir?"},"content":{"rendered":"\n<div class=\"wp-block-image is-style-rounded\"><figure class=\"aligncenter size-large\"><img loading=\"lazy\" decoding=\"async\" width=\"1000\" height=\"636\" src=\"http:\/\/www.sweetera.com.tr\/wp-content\/uploads\/2021\/04\/stevia-plant.jpg\" alt=\"\" class=\"wp-image-126\" srcset=\"http:\/\/www.sweetera.com.tr\/wp-content\/uploads\/2021\/04\/stevia-plant.jpg 1000w, http:\/\/www.sweetera.com.tr\/wp-content\/uploads\/2021\/04\/stevia-plant-300x191.jpg 300w, http:\/\/www.sweetera.com.tr\/wp-content\/uploads\/2021\/04\/stevia-plant-768x488.jpg 768w\" sizes=\"auto, (max-width: 1000px) 100vw, 1000px\" \/><figcaption>Stevia Bitkisi<\/figcaption><\/figure><\/div>\n\n\n\n<p>Stevia, Paraguay\u2019\u0131n Guarani yerlileri taraf\u0131ndan \u201c\u015feker otu\u201d olarak bilinen G\u00fcney Amerika orijinli <strong>Stevia bitkisinin yapraklar\u0131<\/strong> (Steviol glikozitler) yiyeceklerin tatland\u0131r\u0131lmas\u0131nda y\u00fczy\u0131llard\u0131r kullan\u0131lmaktad\u0131r.<\/p>\n\n\n\n<p>Steviol glikozitler, Stevia bitkisinin yapraklar\u0131ndan ekstrakte&nbsp; edilmesiyle elde edilmektedir. Stevia ;<\/p>\n\n\n\n<ul class=\"wp-block-list\"><li>V\u00fccuda enerji sa\u011flamaz ve kalori al\u0131m\u0131na sebep olmadan yiyecek ve i\u00e7eceklerinize arzu etti\u011finiz tatl\u0131l\u0131\u011f\u0131 verir.<\/li><li>Kan \u015fekeri \u00fczerine etkisi yoktur.<\/li><li>Is\u0131ya dayan\u0131kl\u0131d\u0131r, pi\u015firildi\u011finde \u00f6zelli\u011finden bir \u015fey kaybetmez.<\/li><li>Do\u011fal oldu\u011fu kabul edilen y\u00fcksek yo\u011funluklu bir tatland\u0131r\u0131c\u0131d\u0131r.<\/li><li>2011 y\u0131l\u0131ndan bu yana <strong>Avrupa\u2019da, do\u011fal tatland\u0131r\u0131c\u0131 olarak kullan\u0131m\u0131na<\/strong> izin verilmi\u015ftir.<\/li><li>Steviol glikozitlerin kabul edilen g\u00fcnl\u00fck g\u00fcvenli t\u00fcketim miktar\u0131 4 mg\/kg (v\u00fccut a\u011f\u0131rl\u0131\u011f\u0131) olarak belirlenmi\u015ftir.<\/li><\/ul>\n\n\n\n<p>T\u00fcrkiye\u2019nin ilk tatland\u0131r\u0131c\u0131 \u015feker alternatifleri \u00fcreticisi <strong>EGEPAK GIDA SAN.A.\u015e.&nbsp;<\/strong> yine T\u00fcrkiye\u2019de ilk \u00fcretimini ger\u00e7ekle\u015ftirdi\u011fi STEVIA bazl\u0131 tatland\u0131r\u0131c\u0131 ailesinin sadece eczane kanal\u0131 i\u00e7in geli\u015ftirdi\u011fi <strong>SWEETERA <\/strong>markas\u0131yla, sa\u011fl\u0131kl\u0131 tatl\u0131l\u0131klar\u0131 ke\u015ffetmenizi sa\u011fl\u0131yor.<\/p>\n","protected":false},"excerpt":{"rendered":"<p>Stevia, Paraguay\u2019\u0131n Guarani yerlileri taraf\u0131ndan \u201c\u015feker otu\u201d olarak bilinen G\u00fcney Amerika orijinli Stevia bitkisinin yapraklar\u0131 (Steviol glikozitler) yiyeceklerin tatland\u0131r\u0131lmas\u0131nda y\u00fczy\u0131llard\u0131r kullan\u0131lmaktad\u0131r. Steviol glikozitler, Stevia bitkisinin yapraklar\u0131ndan ekstrakte&nbsp; edilmesiyle elde edilmektedir. Stevia ; V\u00fccuda enerji sa\u011flamaz ve kalori al\u0131m\u0131na sebep olmadan yiyecek ve i\u00e7eceklerinize arzu etti\u011finiz tatl\u0131l\u0131\u011f\u0131 verir. Kan \u015fekeri \u00fczerine etkisi yoktur. Is\u0131ya dayan\u0131kl\u0131d\u0131r, pi\u015firildi\u011finde&hellip;&nbsp;<a href=\"http:\/\/www.sweetera.com.tr\/index.php\/stevia-nedir\/\" class=\"\" rel=\"bookmark\">Daha fazlas\u0131n\u0131 oku &raquo;<span class=\"screen-reader-text\">STEVIA Nedir?<\/span><\/a><\/p>\n","protected":false},"author":1,"featured_media":0,"parent":0,"menu_order":0,"comment_status":"closed","ping_status":"closed","template":"","meta":{"neve_meta_sidebar":"full-width","neve_meta_container":"","neve_meta_enable_content_width":"on","neve_meta_content_width":100,"neve_meta_title_alignment":"","neve_meta_author_avatar":"","neve_post_elements_order":"","neve_meta_disable_header":"","neve_meta_disable_footer":"","neve_meta_disable_title":"","footnotes":""},"class_list":["post-102","page","type-page","status-publish","hentry"],"_links":{"self":[{"href":"http:\/\/www.sweetera.com.tr\/index.php\/wp-json\/wp\/v2\/pages\/102","targetHints":{"allow":["GET"]}}],"collection":[{"href":"http:\/\/www.sweetera.com.tr\/index.php\/wp-json\/wp\/v2\/pages"}],"about":[{"href":"http:\/\/www.sweetera.com.tr\/index.php\/wp-json\/wp\/v2\/types\/page"}],"author":[{"embeddable":true,"href":"http:\/\/www.sweetera.com.tr\/index.php\/wp-json\/wp\/v2\/users\/1"}],"replies":[{"embeddable":true,"href":"http:\/\/www.sweetera.com.tr\/index.php\/wp-json\/wp\/v2\/comments?post=102"}],"version-history":[{"count":2,"href":"http:\/\/www.sweetera.com.tr\/index.php\/wp-json\/wp\/v2\/pages\/102\/revisions"}],"predecessor-version":[{"id":127,"href":"http:\/\/www.sweetera.com.tr\/index.php\/wp-json\/wp\/v2\/pages\/102\/revisions\/127"}],"wp:attachment":[{"href":"http:\/\/www.sweetera.com.tr\/index.php\/wp-json\/wp\/v2\/media?parent=102"}],"curies":[{"name":"wp","href":"https:\/\/api.w.org\/{rel}","templated":true}]}}