{"id":105,"date":"2021-04-07T16:55:16","date_gmt":"2021-04-07T13:55:16","guid":{"rendered":"http:\/\/www.sweetera.com.tr\/?page_id=105"},"modified":"2021-04-08T17:09:15","modified_gmt":"2021-04-08T14:09:15","slug":"tarifler","status":"publish","type":"page","link":"http:\/\/www.sweetera.com.tr\/index.php\/tarifler\/","title":{"rendered":"Tarifler"},"content":{"rendered":"\n<h1 class=\"has-text-align-center wp-block-heading\">Yaban Mersinli Muffin<\/h1>\n\n\n\n<div class=\"wp-block-image is-style-rounded\"><figure class=\"aligncenter size-large\"><img loading=\"lazy\" decoding=\"async\" width=\"1024\" height=\"683\" src=\"http:\/\/www.sweetera.com.tr\/wp-content\/uploads\/2021\/04\/sprouted-blueberry-muffins-2-1024x683.jpg\" alt=\"\" class=\"wp-image-106\" srcset=\"http:\/\/www.sweetera.com.tr\/wp-content\/uploads\/2021\/04\/sprouted-blueberry-muffins-2-1024x683.jpg 1024w, http:\/\/www.sweetera.com.tr\/wp-content\/uploads\/2021\/04\/sprouted-blueberry-muffins-2-300x200.jpg 300w, http:\/\/www.sweetera.com.tr\/wp-content\/uploads\/2021\/04\/sprouted-blueberry-muffins-2-768x512.jpg 768w, http:\/\/www.sweetera.com.tr\/wp-content\/uploads\/2021\/04\/sprouted-blueberry-muffins-2-930x620.jpg 930w, http:\/\/www.sweetera.com.tr\/wp-content\/uploads\/2021\/04\/sprouted-blueberry-muffins-2.jpg 1200w\" sizes=\"auto, (max-width: 1024px) 100vw, 1024px\" \/><\/figure><\/div>\n\n\n\n<div class=\"wp-block-columns is-layout-flex wp-container-core-columns-is-layout-9d6595d7 wp-block-columns-is-layout-flex\">\n<div class=\"wp-block-column is-layout-flow wp-block-column-is-layout-flow\" style=\"flex-basis:33.33%\">\n<h2 class=\"wp-block-heading\">Malzemeler<\/h2>\n\n\n\n<ul class=\"wp-block-list\"><li>2 \u00bd fincan harmanlanm\u0131\u015f f\u0131nd\u0131k unu<\/li><li>\u00bd fincan keten tohumu \u00f6\u011f\u00fct\u00fclm\u00fc\u015f<\/li><li>2 yemek ka\u015f\u0131\u011f\u0131 hindistan cevizi unu<\/li><li>\u00bd \u00e7ay ka\u015f\u0131\u011f\u0131 deniz tuzu<\/li><li>\u00bd \u00e7ay ka\u015f\u0131\u011f\u0131 tar\u00e7\u0131n<\/li><li>\u00bd \u00e7ay ka\u015f\u0131\u011f\u0131 karbonat ( iste\u011fe ba\u011fl\u0131)<\/li><li>\u00bd \u00e7ay ka\u015f\u0131\u011f\u0131 toz <strong>SWEETERA<\/strong> stevia&nbsp;<\/li><li>1\/3 fincan hurma&nbsp;<\/li><li>\u00bd fincan hindistancevizi ya\u011f\u0131<\/li><li>\u00bd fincan f\u0131nd\u0131k ya\u011f\u0131 yada zeytin ya\u011f\u0131&nbsp;<\/li><li>\u00bd fincan elma p\u00fcresi<\/li><li>3 yumurta&nbsp;<\/li><li>1 su barda\u011f\u0131 yaban mersini<\/li><\/ul>\n<\/div>\n\n\n\n<div class=\"wp-block-column is-layout-flow wp-block-column-is-layout-flow\" style=\"flex-basis:66.66%\">\n<h2 class=\"wp-block-heading\">Talimatlar<\/h2>\n\n\n\n<p>F\u0131r\u0131n\u0131 180 derece&nbsp; \u00f6nceden \u0131s\u0131t\u0131n.&nbsp;<\/p>\n\n\n\n<p>Orta boy bir kapta a\u015fa\u011f\u0131daki kuru malzemeleri bir araya getirin ve \u00e7\u0131rp\u0131n: f\u0131nd\u0131k unu, keten tohumu, hindistan cevizi unu, deniz tuzu, tar\u00e7\u0131n, kabartma tozu ve stevia.<\/p>\n\n\n\n<p>B\u00fcy\u00fck bir kapta veya mutfak robotunda s\u0131v\u0131 malzemeleri bir araya getirin ve kar\u0131\u015ft\u0131r\u0131n: hurma, hindistancevizi ya\u011f\u0131, f\u0131nd\u0131k ya\u011f\u0131, elma ve yumurta.<\/p>\n\n\n\n<p>Kuru malzemeleri s\u0131v\u0131 malzemelere ekleyin ve iyice kar\u0131\u015ft\u0131r\u0131n. Yaban mersini ve cevizi ilave edin.<\/p>\n\n\n\n<p>Hamuru cup kek tepsisine kutucuklar\u0131na d\u00f6k\u00fcn. Kekler kabar\u0131p \u00fcst\u00fc k\u0131zarana kadar&nbsp; 20-25 dakika pi\u015firin. K\u00fcrdanla pi\u015fip pi\u015fmedi\u011fini kontrol edin. Kuru ise \u00e7\u0131kart\u0131p so\u011futun ve servis edin.<\/p>\n\n\n\n<p>Afiyet olsun<\/p>\n<\/div>\n<\/div>\n\n\n\n<h1 class=\"has-text-align-center wp-block-heading\">Ev Yap\u0131m\u0131 Limonata<\/h1>\n\n\n\n<div class=\"wp-block-image is-style-rounded\"><figure class=\"aligncenter size-large\"><img loading=\"lazy\" decoding=\"async\" width=\"1024\" height=\"576\" src=\"http:\/\/www.sweetera.com.tr\/wp-content\/uploads\/2021\/04\/yaz-aylarinin-ferahlatici-icecegi-limonata-1024x576.jpeg\" alt=\"\" class=\"wp-image-113\" srcset=\"http:\/\/www.sweetera.com.tr\/wp-content\/uploads\/2021\/04\/yaz-aylarinin-ferahlatici-icecegi-limonata-1024x576.jpeg 1024w, http:\/\/www.sweetera.com.tr\/wp-content\/uploads\/2021\/04\/yaz-aylarinin-ferahlatici-icecegi-limonata-300x169.jpeg 300w, http:\/\/www.sweetera.com.tr\/wp-content\/uploads\/2021\/04\/yaz-aylarinin-ferahlatici-icecegi-limonata-768x432.jpeg 768w, http:\/\/www.sweetera.com.tr\/wp-content\/uploads\/2021\/04\/yaz-aylarinin-ferahlatici-icecegi-limonata-1536x864.jpeg 1536w, http:\/\/www.sweetera.com.tr\/wp-content\/uploads\/2021\/04\/yaz-aylarinin-ferahlatici-icecegi-limonata.jpeg 1920w\" sizes=\"auto, (max-width: 1024px) 100vw, 1024px\" \/><\/figure><\/div>\n\n\n\n<div class=\"wp-block-columns is-layout-flex wp-container-core-columns-is-layout-9d6595d7 wp-block-columns-is-layout-flex\">\n<div class=\"wp-block-column is-layout-flow wp-block-column-is-layout-flow\" style=\"flex-basis:33.33%\">\n<h2 class=\"wp-block-heading\">Malzemeler<\/h2>\n\n\n\n<ul class=\"wp-block-list\"><li>5 adet limon<\/li><li>3 adet&nbsp;<strong>SWEETERA<\/strong>&nbsp;tablet tatland\u0131r\u0131c\u0131<\/li><li>1 lt su<\/li><li>10 adet buz<\/li><li>1 demet taze nane<\/li><\/ul>\n<\/div>\n\n\n\n<div class=\"wp-block-column is-layout-flow wp-block-column-is-layout-flow\" style=\"flex-basis:66.66%\">\n<h2 class=\"wp-block-heading\">Talimatlar<\/h2>\n\n\n\n<ul class=\"wp-block-list\" id=\"block-ec2596aa-a28e-4766-a244-da4a34fed2ec\"><li>Limonlar\u0131n kabuklar\u0131n\u0131 yaln\u0131zca sar\u0131 k\u0131s\u0131mlar\u0131n\u0131 alacak \u015fekilde rendeleyin.<\/li><li>Sweetera tablet tatland\u0131r\u0131c\u0131y\u0131 rendeledi\u011finiz kabuklar\u0131n \u00fczerine ilave edin ve kristalli\u011fi gidene kadar kar\u0131\u015ft\u0131r\u0131n.<\/li><li>Kar\u0131\u015f\u0131m\u0131n \u00fczerini stre\u00e7 film ile kapat\u0131p buzdolab\u0131nda 1 gece bekletin.<\/li><li>Kabuklar\u0131n\u0131 rendeledi\u011finiz 5 adet limonun suyunu s\u0131k\u0131n ve limon suyunu uygun bir kaba al\u0131n.<\/li><li>Bir gece dolapta bekletti\u011finiz kar\u0131\u015f\u0131m\u0131n\u0131z\u0131n \u00fczerine limon suyunun tamam\u0131n\u0131 ilave ederek kar\u0131\u015ft\u0131r\u0131n ve s\u00fcz\u00fcn.<\/li><li>S\u00fczd\u00fc\u011f\u00fcn\u00fcz suyu uygun bir kaba veya \u015fi\u015feye alarak \u00fczerine yakla\u015f\u0131k 1 litre su ilave edin ve kar\u0131\u015ft\u0131r\u0131n.<\/li><li>Dilerseniz taze nane yapra\u011f\u0131 ve tar\u00e7\u0131n kabu\u011fu ilave ederek aroma verebilirsiniz.<\/li><li>Bolca buz ilave ederek servise haz\u0131r hale getirin.<\/li><\/ul>\n\n\n\n<h3 class=\"wp-block-heading\">P\u00fcf Noktas\u0131<\/h3>\n\n\n\n<ul class=\"wp-block-list\"><li>Limonun beyaz k\u0131s\u0131mlar\u0131 ac\u0131 tat verir. <\/li><li>Limonu yuvarlay\u0131p yumu\u015fatarak suyunu daha kolay \u00e7\u0131karabilirsiniz.<\/li><\/ul>\n<\/div>\n<\/div>\n","protected":false},"excerpt":{"rendered":"<p>Yaban Mersinli Muffin Malzemeler 2 \u00bd fincan harmanlanm\u0131\u015f f\u0131nd\u0131k unu \u00bd fincan keten tohumu \u00f6\u011f\u00fct\u00fclm\u00fc\u015f 2 yemek ka\u015f\u0131\u011f\u0131 hindistan cevizi unu \u00bd \u00e7ay ka\u015f\u0131\u011f\u0131 deniz tuzu \u00bd \u00e7ay ka\u015f\u0131\u011f\u0131 tar\u00e7\u0131n \u00bd \u00e7ay ka\u015f\u0131\u011f\u0131 karbonat ( iste\u011fe ba\u011fl\u0131) \u00bd \u00e7ay ka\u015f\u0131\u011f\u0131 toz SWEETERA stevia&nbsp; 1\/3 fincan hurma&nbsp; \u00bd fincan hindistancevizi ya\u011f\u0131 \u00bd fincan f\u0131nd\u0131k ya\u011f\u0131 yada&hellip;&nbsp;<a href=\"http:\/\/www.sweetera.com.tr\/index.php\/tarifler\/\" class=\"\" rel=\"bookmark\">Daha fazlas\u0131n\u0131 oku &raquo;<span class=\"screen-reader-text\">Tarifler<\/span><\/a><\/p>\n","protected":false},"author":1,"featured_media":0,"parent":0,"menu_order":0,"comment_status":"closed","ping_status":"closed","template":"","meta":{"neve_meta_sidebar":"full-width","neve_meta_container":"","neve_meta_enable_content_width":"on","neve_meta_content_width":100,"neve_meta_title_alignment":"","neve_meta_author_avatar":"","neve_post_elements_order":"","neve_meta_disable_header":"","neve_meta_disable_footer":"","neve_meta_disable_title":"","footnotes":""},"class_list":["post-105","page","type-page","status-publish","hentry"],"_links":{"self":[{"href":"http:\/\/www.sweetera.com.tr\/index.php\/wp-json\/wp\/v2\/pages\/105","targetHints":{"allow":["GET"]}}],"collection":[{"href":"http:\/\/www.sweetera.com.tr\/index.php\/wp-json\/wp\/v2\/pages"}],"about":[{"href":"http:\/\/www.sweetera.com.tr\/index.php\/wp-json\/wp\/v2\/types\/page"}],"author":[{"embeddable":true,"href":"http:\/\/www.sweetera.com.tr\/index.php\/wp-json\/wp\/v2\/users\/1"}],"replies":[{"embeddable":true,"href":"http:\/\/www.sweetera.com.tr\/index.php\/wp-json\/wp\/v2\/comments?post=105"}],"version-history":[{"count":12,"href":"http:\/\/www.sweetera.com.tr\/index.php\/wp-json\/wp\/v2\/pages\/105\/revisions"}],"predecessor-version":[{"id":151,"href":"http:\/\/www.sweetera.com.tr\/index.php\/wp-json\/wp\/v2\/pages\/105\/revisions\/151"}],"wp:attachment":[{"href":"http:\/\/www.sweetera.com.tr\/index.php\/wp-json\/wp\/v2\/media?parent=105"}],"curies":[{"name":"wp","href":"https:\/\/api.w.org\/{rel}","templated":true}]}}