{"id":16,"date":"2021-04-02T14:59:40","date_gmt":"2021-04-02T11:59:40","guid":{"rendered":"http:\/\/www.sweetera.com.tr\/?page_id=16"},"modified":"2024-12-06T16:15:15","modified_gmt":"2024-12-06T13:15:15","slug":"hakkimizda","status":"publish","type":"page","link":"http:\/\/www.sweetera.com.tr\/index.php\/hakkimizda\/","title":{"rendered":"Hakk\u0131m\u0131zda"},"content":{"rendered":"\n<p>TAK\u0130TA,&nbsp; SEGES, SWEETERA markal\u0131 diyet ve diyabetik, gl\u00fctensiz g\u0131da \u00fcr\u00fcnleri \u00fcreticisi olan firmam\u0131z \u00fcretime ilk olarak k\u00fcp \u015feker imalat\u0131yla ba\u015flan\u0131lm\u0131\u015f olup, \u00fcr\u00fcn yelpazesinde yeni aray\u0131\u015flara girilmesi ve de\u011fi\u015fen beslenme al\u0131\u015fkanl\u0131klar\u0131 ile 1994 y\u0131l\u0131nda d\u00fc\u015f\u00fck kalorili ve diyabetik \u00fcr\u00fcnlerin \u00fcretimine ge\u00e7i\u015f yap\u0131lm\u0131\u015ft\u0131r.<\/p>\n\n\n\n<p>T\u00fcrkiye\u2019nin ilk tatland\u0131r\u0131c\u0131 \u015feker alternatifleri \u00fcreticisi Egepak G\u0131da ve Ambalaj Sanayi A.\u015e.\u00a0 ba\u015fka bir ilke daha imzas\u0131n\u0131 atarak T\u00fcrkiye\u2019de ilk \u00fcretimini ger\u00e7ekle\u015ftirdi\u011fi stevia bazl\u0131 tatland\u0131r\u0131c\u0131 ailesinin sadece eczane kanal\u0131 i\u00e7in geli\u015ftirdi\u011fi SWEETERA markas\u0131yla, sa\u011fl\u0131kl\u0131 tatl\u0131l\u0131klar\u0131 ke\u015ffetmenizi sa\u011flarken yine T\u00fcrkiye\u2019de ilk olarak kanala \u00f6zel marka olma \u00f6zelli\u011fine sahip tatland\u0131r\u0131c\u0131 \u00fcr\u00fcnler\u00a0 markam\u0131zd\u0131r.<\/p>\n\n\n\n<h3 class=\"wp-block-heading\"><strong>Vizyonumuz<\/strong><\/h3>\n\n\n\n<p>T\u00fcrkiye\u2019de bir \u00e7ok yenili\u011fe liderlik ederek g\u00fcc\u00fcn \u00e7e\u015fitlilikten gelece\u011fi bilinciyle faaliyetlerine devam etmek&#8230;<\/p>\n\n\n\n<h3 class=\"wp-block-heading\"><strong>Misyonumuz<\/strong><\/h3>\n\n\n\n<p>Benimsedi\u011fi etik de\u011ferlerden asla taviz vermeden, deneyimli kadrosu ile bilimsel ve teknolojik yeniklikleri takip eden, m\u00fc\u015fteri memnuniyeti odakl\u0131, \u00e7evreye duyarl\u0131, kaliteli, g\u00fcvenilir ve \u00f6nc\u00fc uygulamalarla fark yaratabilen bir marka olmakt\u0131r.<\/p>\n","protected":false},"excerpt":{"rendered":"<p>TAK\u0130TA,&nbsp; SEGES, SWEETERA markal\u0131 diyet ve diyabetik, gl\u00fctensiz g\u0131da \u00fcr\u00fcnleri \u00fcreticisi olan firmam\u0131z \u00fcretime ilk olarak k\u00fcp \u015feker imalat\u0131yla ba\u015flan\u0131lm\u0131\u015f olup, \u00fcr\u00fcn yelpazesinde yeni aray\u0131\u015flara girilmesi ve de\u011fi\u015fen beslenme al\u0131\u015fkanl\u0131klar\u0131 ile 1994 y\u0131l\u0131nda d\u00fc\u015f\u00fck kalorili ve diyabetik \u00fcr\u00fcnlerin \u00fcretimine ge\u00e7i\u015f yap\u0131lm\u0131\u015ft\u0131r. T\u00fcrkiye\u2019nin ilk tatland\u0131r\u0131c\u0131 \u015feker alternatifleri \u00fcreticisi Egepak G\u0131da ve Ambalaj Sanayi A.\u015e.\u00a0 ba\u015fka bir&hellip;&nbsp;<a href=\"http:\/\/www.sweetera.com.tr\/index.php\/hakkimizda\/\" class=\"\" rel=\"bookmark\">Daha fazlas\u0131n\u0131 oku &raquo;<span class=\"screen-reader-text\">Hakk\u0131m\u0131zda<\/span><\/a><\/p>\n","protected":false},"author":1,"featured_media":0,"parent":0,"menu_order":0,"comment_status":"closed","ping_status":"closed","template":"","meta":{"neve_meta_sidebar":"full-width","neve_meta_container":"","neve_meta_enable_content_width":"on","neve_meta_content_width":100,"neve_meta_title_alignment":"","neve_meta_author_avatar":"","neve_post_elements_order":"","neve_meta_disable_header":"","neve_meta_disable_footer":"","neve_meta_disable_title":"","footnotes":""},"class_list":["post-16","page","type-page","status-publish","hentry"],"_links":{"self":[{"href":"http:\/\/www.sweetera.com.tr\/index.php\/wp-json\/wp\/v2\/pages\/16","targetHints":{"allow":["GET"]}}],"collection":[{"href":"http:\/\/www.sweetera.com.tr\/index.php\/wp-json\/wp\/v2\/pages"}],"about":[{"href":"http:\/\/www.sweetera.com.tr\/index.php\/wp-json\/wp\/v2\/types\/page"}],"author":[{"embeddable":true,"href":"http:\/\/www.sweetera.com.tr\/index.php\/wp-json\/wp\/v2\/users\/1"}],"replies":[{"embeddable":true,"href":"http:\/\/www.sweetera.com.tr\/index.php\/wp-json\/wp\/v2\/comments?post=16"}],"version-history":[{"count":3,"href":"http:\/\/www.sweetera.com.tr\/index.php\/wp-json\/wp\/v2\/pages\/16\/revisions"}],"predecessor-version":[{"id":161,"href":"http:\/\/www.sweetera.com.tr\/index.php\/wp-json\/wp\/v2\/pages\/16\/revisions\/161"}],"wp:attachment":[{"href":"http:\/\/www.sweetera.com.tr\/index.php\/wp-json\/wp\/v2\/media?parent=16"}],"curies":[{"name":"wp","href":"https:\/\/api.w.org\/{rel}","templated":true}]}}