{"id":23,"date":"2021-04-02T15:19:24","date_gmt":"2021-04-02T12:19:24","guid":{"rendered":"http:\/\/www.sweetera.com.tr\/?page_id=23"},"modified":"2021-04-08T17:08:36","modified_gmt":"2021-04-08T14:08:36","slug":"urunler","status":"publish","type":"page","link":"http:\/\/www.sweetera.com.tr\/","title":{"rendered":"\u00dcr\u00fcnler"},"content":{"rendered":"<div class=\"n2-section-smartslider fitvidsignore  n2_clear\" data-ssid=\"3\" tabindex=\"0\" role=\"region\" aria-label=\"Slider\"><div class=\"n2-ss-margin\" style=\"margin: 0px 0px 30px 0px;\"><div id=\"n2-ss-3-align\" class=\"n2-ss-align\"><div class=\"n2-padding\"><div id=\"n2-ss-3\" data-creator=\"Smart Slider 3\" data-responsive=\"fullwidth\" class=\"n2-ss-slider n2-ow n2-has-hover n2notransition  \"><div class=\"n2-ss-slider-wrapper-inside\">\n        <div class=\"n2-ss-slider-1 n2_ss__touch_element n2-ow\">\n            <div class=\"n2-ss-slider-2 n2-ow\">\n                                                <div class=\"n2-ss-slider-3 n2-ow\">\n\n                    <div class=\"n2-ss-slide-backgrounds n2-ow-all\"><div class=\"n2-ss-slide-background\" data-public-id=\"1\" data-mode=\"fill\"><div class=\"n2-ss-slide-background-image\" data-blur=\"0\" data-opacity=\"100\" data-x=\"50\" data-y=\"50\" data-alt=\"\" data-title=\"\"><picture class=\"skip-lazy\" data-skip-lazy=\"1\"><img decoding=\"async\" src=\"\/\/www.sweetera.com.tr\/wp-content\/uploads\/2021\/04\/slider_01.png\" alt=\"\" title=\"\" loading=\"lazy\" class=\"skip-lazy\" data-skip-lazy=\"1\"><\/picture><\/div><div data-color=\"RGBA(255,255,255,0)\" style=\"background-color: RGBA(255,255,255,0);\" class=\"n2-ss-slide-background-color\"><\/div><\/div><div class=\"n2-ss-slide-background\" data-public-id=\"2\" data-mode=\"fill\"><div class=\"n2-ss-slide-background-image\" data-blur=\"0\" data-opacity=\"100\" data-x=\"50\" data-y=\"50\" data-alt=\"\" data-title=\"\"><picture class=\"skip-lazy\" data-skip-lazy=\"1\"><img decoding=\"async\" src=\"\/\/www.sweetera.com.tr\/wp-content\/uploads\/2021\/04\/slider_01.png\" alt=\"\" title=\"\" loading=\"lazy\" class=\"skip-lazy\" data-skip-lazy=\"1\"><\/picture><\/div><div data-color=\"RGBA(255,255,255,0)\" style=\"background-color: RGBA(255,255,255,0);\" class=\"n2-ss-slide-background-color\"><\/div><\/div><\/div>                    <div class=\"n2-ss-slider-4 n2-ow\">\n                        <svg xmlns=\"http:\/\/www.w3.org\/2000\/svg\" viewBox=\"0 0 1200 600\" data-related-device=\"desktopPortrait\" class=\"n2-ow n2-ss-preserve-size n2-ss-preserve-size--slider n2-ss-slide-limiter\"><\/svg><div data-first=\"1\" data-slide-duration=\"0\" data-id=\"6\" data-slide-public-id=\"1\" data-title=\"sweetera_urunler\" class=\"n2-ss-slide n2-ow  n2-ss-slide-6\"><div role=\"note\" class=\"n2-ss-slide--focus\" tabindex=\"-1\">sweetera_urunler<\/div><div class=\"n2-ss-layers-container n2-ss-slide-limiter n2-ow\"><div class=\"n2-ss-layer n2-ow n-uc-6McaasT167TN\" data-sstype=\"slide\" data-pm=\"default\"><\/div><\/div><\/div><div data-slide-duration=\"0\" data-id=\"6\" data-slide-public-id=\"2\" data-title=\"sweetera_urunler\" class=\"n2-ss-slide n2-ow  n2-ss-slide-6\"><div role=\"note\" class=\"n2-ss-slide--focus\" tabindex=\"-1\">sweetera_urunler<\/div><div class=\"n2-ss-layers-container n2-ss-slide-limiter n2-ow\"><div class=\"n2-ss-layer n2-ow n-uc-Onaz7Is3sQpx\" data-sstype=\"slide\" data-pm=\"default\"><\/div><\/div><\/div>                    <\/div>\n\n                                    <\/div>\n            <\/div>\n        <\/div>\n        <div class=\"n2-ss-slider-controls n2-ss-slider-controls-absolute-left-center\"><div style=\"--widget-offset:15px;\" class=\"n2-ss-widget nextend-arrow n2-ow-all nextend-arrow-previous  nextend-arrow-animated-fade\" data-hide-mobileportrait=\"1\" id=\"n2-ss-3-arrow-previous\" role=\"button\" aria-label=\"previous arrow\" tabindex=\"0\"><img loading=\"lazy\" decoding=\"async\" width=\"32\" height=\"32\" class=\"skip-lazy\" data-skip-lazy=\"1\" src=\"data:image\/svg+xml;base64,PHN2ZyB3aWR0aD0iMzIiIGhlaWdodD0iMzIiIHZpZXdCb3g9IjAgMCAzMiAzMiIgeG1sbnM9Imh0dHA6Ly93d3cudzMub3JnLzIwMDAvc3ZnIj4KICAgIDxwYXRoIGQ9Ik0xMS40MzMgMTUuOTkyTDIyLjY5IDUuNzEyYy4zOTMtLjM5LjM5My0xLjAzIDAtMS40Mi0uMzkzLS4zOS0xLjAzLS4zOS0xLjQyMyAwbC0xMS45OCAxMC45NGMtLjIxLjIxLS4zLjQ5LS4yODUuNzYtLjAxNS4yOC4wNzUuNTYuMjg0Ljc3bDExLjk4IDEwLjk0Yy4zOTMuMzkgMS4wMy4zOSAxLjQyNCAwIC4zOTMtLjQuMzkzLTEuMDMgMC0xLjQybC0xMS4yNTctMTAuMjkiCiAgICAgICAgICBmaWxsPSIjZmZmZmZmIiBvcGFjaXR5PSIwLjgiIGZpbGwtcnVsZT0iZXZlbm9kZCIvPgo8L3N2Zz4=\" alt=\"previous arrow\"><\/div><\/div><div class=\"n2-ss-slider-controls n2-ss-slider-controls-absolute-right-center\"><div style=\"--widget-offset:15px;\" class=\"n2-ss-widget nextend-arrow n2-ow-all nextend-arrow-next  nextend-arrow-animated-fade\" data-hide-mobileportrait=\"1\" id=\"n2-ss-3-arrow-next\" role=\"button\" aria-label=\"next arrow\" tabindex=\"0\"><img loading=\"lazy\" decoding=\"async\" width=\"32\" height=\"32\" class=\"skip-lazy\" data-skip-lazy=\"1\" src=\"data:image\/svg+xml;base64,PHN2ZyB3aWR0aD0iMzIiIGhlaWdodD0iMzIiIHZpZXdCb3g9IjAgMCAzMiAzMiIgeG1sbnM9Imh0dHA6Ly93d3cudzMub3JnLzIwMDAvc3ZnIj4KICAgIDxwYXRoIGQ9Ik0xMC43MjIgNC4yOTNjLS4zOTQtLjM5LTEuMDMyLS4zOS0xLjQyNyAwLS4zOTMuMzktLjM5MyAxLjAzIDAgMS40MmwxMS4yODMgMTAuMjgtMTEuMjgzIDEwLjI5Yy0uMzkzLjM5LS4zOTMgMS4wMiAwIDEuNDIuMzk1LjM5IDEuMDMzLjM5IDEuNDI3IDBsMTIuMDA3LTEwLjk0Yy4yMS0uMjEuMy0uNDkuMjg0LS43Ny4wMTQtLjI3LS4wNzYtLjU1LS4yODYtLjc2TDEwLjcyIDQuMjkzeiIKICAgICAgICAgIGZpbGw9IiNmZmZmZmYiIG9wYWNpdHk9IjAuOCIgZmlsbC1ydWxlPSJldmVub2RkIi8+Cjwvc3ZnPg==\" alt=\"next arrow\"><\/div><\/div><\/div><\/div><ss3-loader><\/ss3-loader><\/div><\/div><div class=\"n2_clear\"><\/div><\/div><\/div>\n\n\n<div class=\"wp-block-columns homepagelist-col is-layout-flex wp-container-core-columns-is-layout-9d6595d7 wp-block-columns-is-layout-flex\">\n<div class=\"wp-block-column homepagelist-col-image is-layout-flow wp-block-column-is-layout-flow\">\n<div class=\"wp-block-image is-style-default\"><figure class=\"aligncenter size-large\"><img loading=\"lazy\" decoding=\"async\" width=\"1000\" height=\"1000\" src=\"http:\/\/www.sweetera.com.tr\/wp-content\/uploads\/2021\/04\/sweetera-tablet-ALL.png\" alt=\"\" class=\"wp-image-147\" srcset=\"http:\/\/www.sweetera.com.tr\/wp-content\/uploads\/2021\/04\/sweetera-tablet-ALL.png 1000w, http:\/\/www.sweetera.com.tr\/wp-content\/uploads\/2021\/04\/sweetera-tablet-ALL-300x300.png 300w, http:\/\/www.sweetera.com.tr\/wp-content\/uploads\/2021\/04\/sweetera-tablet-ALL-150x150.png 150w, http:\/\/www.sweetera.com.tr\/wp-content\/uploads\/2021\/04\/sweetera-tablet-ALL-768x768.png 768w\" sizes=\"auto, (max-width: 1000px) 100vw, 1000px\" \/><\/figure><\/div>\n<\/div>\n\n\n\n<div class=\"wp-block-column homepagelist-col-text is-layout-flow wp-block-column-is-layout-flow\">\n<h3 class=\"wp-block-heading\">Sweetera Stevia Tablet Tatland\u0131r\u0131c\u0131<\/h3>\n\n\n\n<p>Sweetera&nbsp; Stevia Tablet tatland\u0131r\u0131c\u0131, diyet yapanlar ve diyabet hastalar\u0131 i\u00e7in Egepak G\u0131dan\u0131n T\u00fcrkiye&#8217;de \u00fcretilen steviol glikozit bazl\u0131 tablet tatland\u0131r\u0131c\u0131 \u00fcr\u00fcnlerinden biridir. 100, 300 ve 500 tabletlik ambalajlarda \u00fcretilmi\u015ftir.<\/p>\n\n\n\n<button type=\"button\" onclick=\"window.location.href='http:\/\/www.sweetera.com.tr\/index.php\/sweetera-tablet-tatlandirici\/';\">\u00dcr\u00fcn detay&gt;&gt;<\/button>\n<\/div>\n<\/div>\n\n\n\n<div class=\"wp-block-columns homepagelist-col is-layout-flex wp-container-core-columns-is-layout-9d6595d7 wp-block-columns-is-layout-flex\">\n<div class=\"wp-block-column homepagelist-col-image is-layout-flow wp-block-column-is-layout-flow\">\n<div class=\"wp-block-image is-style-default\"><figure class=\"aligncenter size-large\"><img loading=\"lazy\" decoding=\"async\" width=\"1000\" height=\"1000\" src=\"http:\/\/www.sweetera.com.tr\/wp-content\/uploads\/2021\/04\/Sweetera-500-Front.png\" alt=\"\" class=\"wp-image-133\" srcset=\"http:\/\/www.sweetera.com.tr\/wp-content\/uploads\/2021\/04\/Sweetera-500-Front.png 1000w, http:\/\/www.sweetera.com.tr\/wp-content\/uploads\/2021\/04\/Sweetera-500-Front-300x300.png 300w, http:\/\/www.sweetera.com.tr\/wp-content\/uploads\/2021\/04\/Sweetera-500-Front-150x150.png 150w, http:\/\/www.sweetera.com.tr\/wp-content\/uploads\/2021\/04\/Sweetera-500-Front-768x768.png 768w\" sizes=\"auto, (max-width: 1000px) 100vw, 1000px\" \/><\/figure><\/div>\n<\/div>\n\n\n\n<div class=\"wp-block-column homepagelist-col-text is-layout-flow wp-block-column-is-layout-flow\">\n<h3 class=\"wp-block-heading\">Sweetera Stevia Toz Tatland\u0131r\u0131c\u0131<\/h3>\n\n\n\n<p>Sweetera&nbsp; Stevia Toz Tatland\u0131r\u0131c\u0131, diyet yapanlar ve diyabet hastalar\u0131 i\u00e7in Egepak G\u0131dan\u0131n T\u00fcrkiye&#8217;de \u00fcretilen steviol glikozit bazl\u0131 toz tatland\u0131r\u0131c\u0131 \u00fcr\u00fcnlerinden biridir.<\/p>\n\n\n\n<button type=\"button\" onclick=\"window.location.href='http:\/\/www.sweetera.com.tr\/index.php\/sweetera-toz-tatlandirici\/';\">\u00dcr\u00fcn detay&gt;&gt;<\/button>\n<\/div>\n<\/div>\n\n\n\n<div class=\"wp-block-columns homepagelist-col right is-layout-flex wp-container-core-columns-is-layout-9d6595d7 wp-block-columns-is-layout-flex\"><\/div>\n","protected":false},"excerpt":{"rendered":"<p>Sweetera Stevia Tablet Tatland\u0131r\u0131c\u0131 Sweetera&nbsp; Stevia Tablet tatland\u0131r\u0131c\u0131, diyet yapanlar ve diyabet hastalar\u0131 i\u00e7in Egepak G\u0131dan\u0131n T\u00fcrkiye&#8217;de \u00fcretilen steviol glikozit bazl\u0131 tablet tatland\u0131r\u0131c\u0131 \u00fcr\u00fcnlerinden biridir. 100, 300 ve 500 tabletlik ambalajlarda \u00fcretilmi\u015ftir. \u00dcr\u00fcn detay&gt;&gt; Sweetera Stevia Toz Tatland\u0131r\u0131c\u0131 Sweetera&nbsp; Stevia Toz Tatland\u0131r\u0131c\u0131, diyet yapanlar ve diyabet hastalar\u0131 i\u00e7in Egepak G\u0131dan\u0131n T\u00fcrkiye&#8217;de \u00fcretilen steviol glikozit bazl\u0131&hellip;&nbsp;<a href=\"http:\/\/www.sweetera.com.tr\/\" class=\"\" rel=\"bookmark\">Daha fazlas\u0131n\u0131 oku &raquo;<span class=\"screen-reader-text\">\u00dcr\u00fcnler<\/span><\/a><\/p>\n","protected":false},"author":1,"featured_media":0,"parent":0,"menu_order":0,"comment_status":"closed","ping_status":"closed","template":"","meta":{"neve_meta_sidebar":"full-width","neve_meta_container":"contained","neve_meta_enable_content_width":"on","neve_meta_content_width":90,"neve_meta_title_alignment":"","neve_meta_author_avatar":"","neve_post_elements_order":"","neve_meta_disable_header":"","neve_meta_disable_footer":"","neve_meta_disable_title":"on","footnotes":""},"class_list":["post-23","page","type-page","status-publish","hentry"],"_links":{"self":[{"href":"http:\/\/www.sweetera.com.tr\/index.php\/wp-json\/wp\/v2\/pages\/23","targetHints":{"allow":["GET"]}}],"collection":[{"href":"http:\/\/www.sweetera.com.tr\/index.php\/wp-json\/wp\/v2\/pages"}],"about":[{"href":"http:\/\/www.sweetera.com.tr\/index.php\/wp-json\/wp\/v2\/types\/page"}],"author":[{"embeddable":true,"href":"http:\/\/www.sweetera.com.tr\/index.php\/wp-json\/wp\/v2\/users\/1"}],"replies":[{"embeddable":true,"href":"http:\/\/www.sweetera.com.tr\/index.php\/wp-json\/wp\/v2\/comments?post=23"}],"version-history":[{"count":19,"href":"http:\/\/www.sweetera.com.tr\/index.php\/wp-json\/wp\/v2\/pages\/23\/revisions"}],"predecessor-version":[{"id":150,"href":"http:\/\/www.sweetera.com.tr\/index.php\/wp-json\/wp\/v2\/pages\/23\/revisions\/150"}],"wp:attachment":[{"href":"http:\/\/www.sweetera.com.tr\/index.php\/wp-json\/wp\/v2\/media?parent=23"}],"curies":[{"name":"wp","href":"https:\/\/api.w.org\/{rel}","templated":true}]}}